{"id":70,"date":"2024-08-02T14:25:07","date_gmt":"2024-08-02T12:25:07","guid":{"rendered":"https:\/\/marcuslindner.com\/?page_id=70"},"modified":"2024-10-22T07:55:28","modified_gmt":"2024-10-22T05:55:28","slug":"impressum","status":"publish","type":"page","link":"https:\/\/marcuslindner.com\/es\/impressum\/","title":{"rendered":"Impressum"},"content":{"rendered":"<section id=\"b-7f8bc8_m2k172nc\" class=\"brxe-section section textblock\"><div id=\"brxe-00b8e0\" class=\"brxe-container textblock__inner\"><div id=\"brxe-cd6fcd\" class=\"brxe-text textblock__flagline\"><p>Impressum<\/p>\n<\/div><div id=\"brxe-5709df\" class=\"brxe-text textblock__text\"><h2>Unternehmensangaben und sonstige Angaben nach \u00a7 5 Telemediengesetz (Tmg)<br \/><\/h2>\n<p><\/p>\n<p>BML Invest GmbH und Co. KG<\/p>\n<p>Lilienthalstra\u00dfe 27<\/p>\n<p>85399 Hallbergmoos<\/p>\n<p><\/p>\n<p>E-Mail: <a href=\"mailto:info@bml-invest.com\">info@bml-invest.com<\/a><\/p>\n<p>Telefon: +49 811 2999 4533<\/p>\n<p><\/p>\n<h2>Haftungsausschluss<br \/><\/h2>\n<p>Die bereitgestellten Informationen auf dieser Website wurden sorgf\u00e4ltig gepr\u00fcft und werden regelm\u00e4\u00dfig aktualisiert. Jedoch kann keine Haftung oder Garantie daf\u00fcr \u00fcbernommen werden, dass alle Angaben zu jeder Zeit vollst\u00e4ndig, richtig und in letzter Aktualit\u00e4t dargestellt sind. Dies gilt insbesondere f\u00fcr alle Links zu anderen Websites, auf die direkt oder indirekt verwiesen wird. Alle Angaben k\u00f6nnen ohne vorherige Ank\u00fcndigung ge\u00e4ndert, entfernt oder erg\u00e4nzt werden. Weder die Ver\u00f6ffentlichung noch ihr Inhalt d\u00fcrfen ohne die vorherige ausdr\u00fcckliche Genehmigung von BML Invest auf irgendeine Art ver\u00e4ndert oder an Dritte verteilt oder \u00fcbermittelt werden.<\/p>\n<h2>Haftung f\u00fcr Links<br \/><\/h2>\n<p>Unsere Webseite enth\u00e4lt Links zu externen Websites Dritter, auf deren Inhalte wir keinen Einfluss haben. Deshalb k\u00f6nnen wir f\u00fcr diese fremden Inhalte auch keine Gew\u00e4hr \u00fcbernehmen. F\u00fcr die Inhalte der verlinkten Seiten ist stets der jeweilige Anbieter oder Betreiber der Seiten verantwortlich. Die verlinkten Seiten wurden zum Zeitpunkt der Verlinkung auf m\u00f6gliche Rechtsverst\u00f6\u00dfe \u00fcberpr\u00fcft. Rechtswidrige Inhalte waren zum Zeitpunkt der Verlinkung nicht erkennbar.<\/p>\n<p><\/p>\n<p>Eine permanente inhaltliche Kontrolle der verlinkten Seiten ist jedoch ohne konkrete Anhaltspunkte einer Rechtsverletzung nicht zumutbar. Bei Bekanntwerden von Rechtsverletzungen werden wir derartige Links umgehend entfernen.<\/p>\n<h2>Urheberrecht<br \/><\/h2>\n<p>Die durch die Seitenbetreiber erstellten Inhalte und Werke auf diesen Seiten unterliegen dem deutschen Urheberrecht. Die Vervielf\u00e4ltigung, Bearbeitung, Verbreitung und jede Art der Verwertung au\u00dferhalb der Grenzen des Urheberrechtes bed\u00fcrfen der schriftlichen Zustimmung des jeweiligen Autors bzw. Erstellers. Downloads und Kopien dieser Seite sind nur f\u00fcr den privaten, nicht kommerziellen Gebrauch gestattet. Soweit die Inhalte auf dieser Seite nicht vom Betreiber erstellt wurden, werden die Urheberrechte Dritter beachtet. Insbesondere werden Inhalte Dritter als solche gekennzeichnet.<\/p>\n<p><\/p>\n<p>Sollten Sie trotzdem auf eine Urheberrechtsverletzung aufmerksam werden, bitten wir um einen entsprechenden Hinweis. Bei Bekanntwerden von Rechtsverletzungen werden wir derartige Inhalte umgehend entfernen.<\/p>\n<h2>Bildnachweis<br \/><\/h2>\n<p>Projektbilder: BML Invest<\/p>\n<p>Portraits: Nicole Langholz<\/p>\n<p>Luftbild \u00dcber uns: Charl van Rooy via Unsplash<\/p>\n<p>alle weiteren Luftbilder: iStock<\/p>\n<h2>EU-Streitschlichtung<br \/><\/h2>\n<p>Die Europ\u00e4ische Kommission stellt eine Plattform zur Online-Streitbeilegung (OS) bereit: <a href=\"https:\/\/ec.europa.eu\/consumers\/odr\/\">https:\/\/ec.europa.eu\/consumers\/odr\/<\/a>.\u2028Unsere E-Mail-Adresse finden Sie oben im Impressum.<\/p>\n<h2>Verbraucherstreitbeilegung \/ Universalschlichtungsstelle<br \/><\/h2>\n<p>Wir sind nicht bereit oder verpflichtet, an Streitbeilegungsverfahren vor einer Verbraucherschlichtungsstelle teilzunehmen.<\/p>\n<p><a href=\"https:\/\/morgen.studio\/\" rel=\"noopener noreferrer\" target=\"_blank\">Design: Studio Morgen<\/a><\/p>\n<\/div><\/div><\/section>","protected":false},"excerpt":{"rendered":"","protected":false},"author":2,"featured_media":0,"parent":0,"menu_order":0,"comment_status":"closed","ping_status":"closed","template":"","meta":{"_acf_changed":false,"footnotes":""},"class_list":["post-70","page","type-page","status-publish","hentry"],"acf":[],"_links":{"self":[{"href":"https:\/\/marcuslindner.com\/es\/wp-json\/wp\/v2\/pages\/70","targetHints":{"allow":["GET"]}}],"collection":[{"href":"https:\/\/marcuslindner.com\/es\/wp-json\/wp\/v2\/pages"}],"about":[{"href":"https:\/\/marcuslindner.com\/es\/wp-json\/wp\/v2\/types\/page"}],"author":[{"embeddable":true,"href":"https:\/\/marcuslindner.com\/es\/wp-json\/wp\/v2\/users\/2"}],"replies":[{"embeddable":true,"href":"https:\/\/marcuslindner.com\/es\/wp-json\/wp\/v2\/comments?post=70"}],"version-history":[{"count":7,"href":"https:\/\/marcuslindner.com\/es\/wp-json\/wp\/v2\/pages\/70\/revisions"}],"predecessor-version":[{"id":1179,"href":"https:\/\/marcuslindner.com\/es\/wp-json\/wp\/v2\/pages\/70\/revisions\/1179"}],"wp:attachment":[{"href":"https:\/\/marcuslindner.com\/es\/wp-json\/wp\/v2\/media?parent=70"}],"curies":[{"name":"wp","href":"https:\/\/api.w.org\/{rel}","templated":true}]}}