{"id":1573,"date":"2024-08-02T14:23:51","date_gmt":"2024-08-02T12:23:51","guid":{"rendered":"https:\/\/marcuslindner.com\/?page_id=1573"},"modified":"2024-12-07T12:29:04","modified_gmt":"2024-12-07T11:29:04","slug":"experiencia","status":"publish","type":"page","link":"https:\/\/marcuslindner.com\/es\/experiencia\/","title":{"rendered":"Experiencia"},"content":{"rendered":"<section id=\"b-eefxxx_m2eaxqzs\" class=\"brxe-section bml-intro-image\"><div id=\"brxe-xycnvf\" class=\"brxe-container bml-intro-image__inner\"><\/div><\/section>\n\n<section id=\"b-oclddb_m2ed3mbs\" class=\"brxe-section bml-headline section\"><div id=\"brxe-rilppi\" class=\"brxe-container bml-headline__inner bml-headline__inner--center\"><div id=\"b-npzuut_m2ed3mbs\" class=\"brxe-div bml-headline__container\"><h1 id=\"brxe-fckvzc\" class=\"brxe-heading text--center text--balance bml-headline__headline\">Conocimientos profundos, experiencia internacional<\/h1><\/div><\/div><\/section>\n\n<section id=\"b-d8e14e_m2hqxa5k\" class=\"brxe-section section textcolumns-headline-text textcolumns-headline-text--layout-50-50 textcolumns-headline-text--layout-50-50 textcolumns-headline-text--order-reverse- textcolumns-headline-text--order-reverse-\" style=\"--background-color: \"><div id=\"b-25253f_m2hqxa5k\" class=\"brxe-container textcolumns-headline-text__inner\"><div id=\"brxe-aa7111\" class=\"brxe-text textcolumns-headline-text__flagline\"><p><span>Coach<\/span><\/p>\n<\/div><\/div><div id=\"b-b0bddf_m2hqxa5k\" class=\"brxe-container textcolumns-headline-text__inner\"><div id=\"brxe-a60a50\" class=\"brxe-block textcolumns-headline-text__column textcolumns-headline-text__column--image-1 textcolumns-headline-text__column--image-1\"><div id=\"b-iksfdf_m2hqxa5k\" class=\"brxe-div\"><h2 id=\"brxe-ikxxnb\" class=\"brxe-heading textcolumns-headline-text__headline\">Mis sesiones de coaching tienen como objetivo ense\u00f1ar habilidades b\u00e1sicas, preparar decisiones y acompa\u00f1ar a las personas en procesos dif\u00edciles.<\/h2><\/div><div id=\"brxe-nodatg\" class=\"brxe-div textcolumns-headline-text__image_wrapper\"><img decoding=\"async\" src=\"https:\/\/marcuslindner.com\/wp-content\/uploads\/2024\/12\/coaching.svg\" class=\"brxe-image textcolumns-headline-text__image css-filter size-full\" alt=\"\" id=\"brxe-zlzwyk\" \/><\/div><\/div><div id=\"b-3433db_m2hqxa5k\" class=\"brxe-block textcolumns-headline-text__column textcolumns-headline-text__column--right\"><div id=\"brxe-551b57\" class=\"brxe-text textcolumns-headline-text__text\"><p>Los aspirantes a inversores y promotores carecen a menudo de los conocimientos necesarios para llevar a cabo con \u00e9xito sus proyectos. El objetivo ya est\u00e1 a la vista, pero el camino a\u00fan no est\u00e1 claro: \u00bfcu\u00e1les son las herramientas para prometer negocios inmobiliarios? \u00bfCu\u00e1l es el obst\u00e1culo que hay que superar? \u00bfQu\u00e9 red puede soportarlo? \u00bfCu\u00e1les son los riesgos calculables?<\/p>\n<p>Mis cursos de formaci\u00f3n sobre liderazgo, gesti\u00f3n de proyectos, financiaci\u00f3n y estructuraci\u00f3n tambi\u00e9n est\u00e1n dirigidos a inversores experimentados que quieran explotar a\u00fan m\u00e1s su potencial de desarrollo.<\/p>\n<p>La tarea del coaching no consiste en dar respuestas sencillas, sino en impartir competencias de acci\u00f3n y conocimientos pr\u00e1cticos. Estar\u00e9 encantado de acompa\u00f1arle en su camino hacia unas inversiones exitosas y sostenibles.<\/p>\n<ul>\n<li>Encuentro respetuoso a la altura de los ojos<\/li>\n<li> Transferencia sostenible de conocimientos para una mayor competencia de acci\u00f3n<\/li>\n<li> Control individual en lugar de soluciones estandarizadas<\/li>\n<li> Mallorca, sur de Alemania y Sud\u00e1frica<\/li>\n<li> Experiencia internacional<\/li>\n<\/ul>\n<\/div><\/div><\/div><\/section>\n\n<section id=\"b-vewarp_m4e0g1gn\" class=\"brxe-section bml-headline section\"><div id=\"brxe-kbdamn\" class=\"brxe-container bml-headline__inner\"><div id=\"brxe-azzmyz\" class=\"brxe-div bml-headline__container\"><h2 id=\"brxe-lobpdm\" class=\"brxe-heading bml-headline__headline\">\u00bfPreguntas sobre coaching? Puede ponerse en contacto conmigo por correo en<br><br><a href=\"mailto:hola@marcuslindner.com\">hola@marcuslindner.com<\/a><\/h2><\/div><\/div><\/section>\n\n<section id=\"b-zxkudt_m4e0hj3h\" class=\"brxe-section section divider\"><div id=\"brxe-nfhkar\" class=\"brxe-container divider__inner\"><div id=\"brxe-jelgfz\" class=\"brxe-divider divider__line horizontal\"><div class=\"line\"><\/div><\/div><\/div><\/section>\n\n<section id=\"b-d8e14e_m4e0hox3\" class=\"brxe-section section textcolumns-headline-text textcolumns-headline-text--layout-50-50 textcolumns-headline-text--layout-50-50 textcolumns-headline-text--order-reverse- textcolumns-headline-text--order-reverse-\" style=\"--background-color: \"><div id=\"b-25253f_m4e0hox3\" class=\"brxe-container textcolumns-headline-text__inner\"><div id=\"brxe-aa7111\" class=\"brxe-text textcolumns-headline-text__flagline\"><p><span>Asesor<\/span><\/p>\n<\/div><\/div><div id=\"b-b0bddf_m4e0hox3\" class=\"brxe-container textcolumns-headline-text__inner\"><div id=\"brxe-a60a50\" class=\"brxe-block textcolumns-headline-text__column textcolumns-headline-text__column--image-1 textcolumns-headline-text__column--image-1\"><div id=\"b-iksfdf_m4e0hox3\" class=\"brxe-div\"><h2 id=\"brxe-ikxxnb\" class=\"brxe-heading textcolumns-headline-text__headline\">Como asesor, apoyo a empresas, family offices e inversores. Gracias a mi profundo conocimiento de diversos sectores, estoy familiarizado con procesos, estructuras y temas espec\u00edficos y siempre puedo entenderlos.<\/h2><\/div><div id=\"brxe-nodatg\" class=\"brxe-div textcolumns-headline-text__image_wrapper\"><img decoding=\"async\" src=\"https:\/\/marcuslindner.com\/wp-content\/uploads\/2024\/12\/berater.svg\" class=\"brxe-image textcolumns-headline-text__image css-filter size-full\" alt=\"\" id=\"brxe-zlzwyk\" \/><\/div><\/div><div id=\"b-3433db_m4e0hox3\" class=\"brxe-block textcolumns-headline-text__column textcolumns-headline-text__column--right\"><div id=\"brxe-551b57\" class=\"brxe-text textcolumns-headline-text__text\"><p>\u00bfNecesita ayuda con procesos empresariales que deben funcionar con mayor eficacia? \u00bfEst\u00e1 pensando en ampliar su cartera inmobiliaria y busca propiedades adecuadas? \u00bfQuiere que su pr\u00f3xima financiaci\u00f3n tenga una base s\u00f3lida con los mejores contactos del mercado de capitales?<\/p>\n<ul>\n<li>Orientaci\u00f3n integradora sostenible, tambi\u00e9n h\u00edbrida<\/li>\n<li> Consultor\u00eda estructural y estrat\u00e9gica a escala internacional<\/li>\n<li> Decisiones acertadas con el modelo de fases FORDEC<\/li>\n<li> Combinaci\u00f3n de distintos conocimientos sectoriales<\/li>\n<li> Diversas estructuras y modelos de financiaci\u00f3n<\/li>\n<li> Concertaci\u00f3n y estructuraci\u00f3n de pr\u00e9stamos prioritarios y capital intermedio<\/li>\n<\/ul>\n<\/div><\/div><\/div><\/section>\n\n<section id=\"b-vewarp_m4e0j07g\" class=\"brxe-section bml-headline section\"><div id=\"brxe-kbdamn\" class=\"brxe-container bml-headline__inner\"><div id=\"brxe-azzmyz\" class=\"brxe-div bml-headline__container\"><h2 id=\"brxe-lobpdm\" class=\"brxe-heading bml-headline__headline\">\u00bfTodav\u00eda tiene preguntas? Escr\u00edbame un correo electr\u00f3nico a<br><br><a href=\"mailto:hola@marcuslindner.com\">hola@marcuslindner.com<\/a><\/h2><\/div><\/div><\/section>\n\n<section id=\"b-zxkudt_m4e0jf9l\" class=\"brxe-section section divider\"><div id=\"brxe-nfhkar\" class=\"brxe-container divider__inner\"><div id=\"brxe-jelgfz\" class=\"brxe-divider divider__line horizontal\"><div class=\"line\"><\/div><\/div><\/div><\/section>\n\n<section id=\"b-d8e14e_m4e0jkza\" class=\"brxe-section section textcolumns-headline-text textcolumns-headline-text--layout-50-50 textcolumns-headline-text--layout-50-50 textcolumns-headline-text--order-reverse- textcolumns-headline-text--order-reverse-\" style=\"--background-color: \"><div id=\"b-25253f_m4e0jkza\" class=\"brxe-container textcolumns-headline-text__inner\"><div id=\"brxe-aa7111\" class=\"brxe-text textcolumns-headline-text__flagline\"><p><span>Altavoz<\/span><\/p>\n<\/div><\/div><div id=\"b-b0bddf_m4e0jkza\" class=\"brxe-container textcolumns-headline-text__inner\"><div id=\"brxe-a60a50\" class=\"brxe-block textcolumns-headline-text__column textcolumns-headline-text__column--image-1 textcolumns-headline-text__column--image-1\"><div id=\"b-iksfdf_m4e0jkza\" class=\"brxe-div\"><h2 id=\"brxe-ikxxnb\" class=\"brxe-heading textcolumns-headline-text__headline\">En mis conferencias, adem\u00e1s de la mera transmisi\u00f3n de conocimientos, lo principal es contar historias que aporten soluciones pr\u00e1cticas para el d\u00eda a d\u00eda de los inversores. Quiero transmitir c\u00f3mo leo y vivo los proyectos de forma amena y comprensible.<\/h2><\/div><div id=\"brxe-nodatg\" class=\"brxe-div textcolumns-headline-text__image_wrapper\"><img decoding=\"async\" src=\"https:\/\/marcuslindner.com\/wp-content\/uploads\/2024\/12\/speaker.svg\" class=\"brxe-image textcolumns-headline-text__image css-filter size-full\" alt=\"\" id=\"brxe-zlzwyk\" \/><\/div><\/div><div id=\"b-3433db_m4e0jkza\" class=\"brxe-block textcolumns-headline-text__column textcolumns-headline-text__column--right\"><div id=\"brxe-551b57\" class=\"brxe-text textcolumns-headline-text__text\"><p>\u00bfC\u00f3mo empaquetar los modelos num\u00e9ricos y de toma de decisiones en im\u00e1genes textuales concisas que lleguen al p\u00fablico y permanezcan en su mente?<\/p>\n<p>Estoy contratado internacionalmente para esta exigente tarea. El \u00e9xito directo es un p\u00fablico que se siente entretenido. El p\u00fablico debe ser capaz de poner en pr\u00e1ctica de forma sostenible los conocimientos transmitidos. A pesar de todos los fundamentos te\u00f3ricos, la viabilidad est\u00e1 siempre en primer plano en mis clases.<\/p>\n<ul>\n<li>Conferencias en alem\u00e1n, ingl\u00e9s y espa\u00f1ol<\/li>\n<li> Transferencia sostenible de conocimientos para una mayor competencia de acci\u00f3n<\/li>\n<li> Control individual en lugar de soluciones estandarizadas<\/li>\n<li> Experiencia internacional<\/li>\n<\/ul>\n<\/div><\/div><\/div><\/section>\n\n<section id=\"b-vewarp_m4e0m5yf\" class=\"brxe-section bml-headline section\"><div id=\"brxe-kbdamn\" class=\"brxe-container bml-headline__inner\"><div id=\"brxe-azzmyz\" class=\"brxe-div bml-headline__container\"><h2 id=\"brxe-lobpdm\" class=\"brxe-heading bml-headline__headline\">\u00bfPreguntas sobre mis conferencias? Puede ponerse en contacto conmigo por correo en<br><br><a href=\"mailto:hola@marcuslindner.com\">hola@marcuslindner.com<\/a><\/h2><\/div><\/div><\/section>\n\n<section id=\"b-zxkudt_m4e0l7vm\" class=\"brxe-section section divider\"><div id=\"brxe-nfhkar\" class=\"brxe-container divider__inner\"><div id=\"brxe-jelgfz\" class=\"brxe-divider divider__line horizontal\"><div class=\"line\"><\/div><\/div><\/div><\/section>\n\n<section id=\"b-d8e14e_m4e0ldh9\" class=\"brxe-section section textcolumns-headline-text textcolumns-headline-text--layout-50-50 textcolumns-headline-text--layout-50-50 textcolumns-headline-text--order-reverse- textcolumns-headline-text--order-reverse-\" style=\"--background-color: \"><div id=\"b-25253f_m4e0ldh9\" class=\"brxe-container textcolumns-headline-text__inner\"><div id=\"brxe-aa7111\" class=\"brxe-text textcolumns-headline-text__flagline\"><p><span>Inversor<\/span><\/p>\n<\/div><\/div><div id=\"b-b0bddf_m4e0ldh9\" class=\"brxe-container textcolumns-headline-text__inner\"><div id=\"brxe-a60a50\" class=\"brxe-block textcolumns-headline-text__column textcolumns-headline-text__column--image-1 textcolumns-headline-text__column--image-1\"><div id=\"b-iksfdf_m4e0ldh9\" class=\"brxe-div\"><h2 id=\"brxe-ikxxnb\" class=\"brxe-heading textcolumns-headline-text__headline\">La oferta se dirige espec\u00edficamente a inversores internacionales, empresarios y family offices: Mi oferta incluye una amplia gama de proyectos rentables emparejados con s\u00f3lidas oportunidades de financiaci\u00f3n.<\/h2><\/div><div id=\"brxe-nodatg\" class=\"brxe-div textcolumns-headline-text__image_wrapper\"><img decoding=\"async\" src=\"https:\/\/marcuslindner.com\/wp-content\/uploads\/2024\/09\/image-3.svg\" class=\"brxe-image textcolumns-headline-text__image css-filter size-full\" alt=\"\" id=\"brxe-zlzwyk\" \/><\/div><\/div><div id=\"b-3433db_m4e0ldh9\" class=\"brxe-block textcolumns-headline-text__column textcolumns-headline-text__column--right\"><div id=\"brxe-551b57\" class=\"brxe-text textcolumns-headline-text__text\"><p>Para que las inversiones tengan \u00e9xito, son esenciales un profundo conocimiento de los proyectos en cuesti\u00f3n y buenos contactos en el mercado de capitales. Para la financiaci\u00f3n senior en particular, hay que dirigirse espec\u00edficamente a los responsables de la toma de decisiones en el lado bancario al m\u00e1s alto nivel. Adem\u00e1s, mis clientes tienen acceso a una red de capital intermedio, lo que hace posible una financiaci\u00f3n flexible.<\/p>\n<ul>\n<li>Opciones de financiaci\u00f3n<\/li>\n<li> Mejor conocimiento de los mercados (inmobiliarios) locales<\/li>\n<li> Proyectos e inmuebles prometedores<\/li>\n<li> Amplia red en el mercado de capitales<\/li>\n<\/ul>\n<\/div><\/div><\/div><\/section>\n\n<section id=\"b-vewarp_m4e0konc\" class=\"brxe-section bml-headline section\"><div id=\"brxe-kbdamn\" class=\"brxe-container bml-headline__inner\"><div id=\"brxe-azzmyz\" class=\"brxe-div bml-headline__container\"><h2 id=\"brxe-lobpdm\" class=\"brxe-heading bml-headline__headline\">\u00bfPreguntas sobre inversiones? Escr\u00edbame un correo electr\u00f3nico a<br><br><a href=\"mailto:hola@marcuslindner.com\">hola@marcuslindner.com<\/a><\/h2><\/div><\/div><\/section>\n\n<section id=\"b-d8e14e_m4e28ich\" class=\"brxe-section section textcolumns-headline-text textcolumns-headline-text--layout-50-50 textcolumns-headline-text--layout-50-50 textcolumns-headline-text--order-reverse- textcolumns-headline-text--order-reverse-\" style=\"--background-color: #e1dcd5\"><div id=\"b-25253f_m4e28ich\" class=\"brxe-container textcolumns-headline-text__inner\"><\/div><div id=\"b-b0bddf_m4e28ich\" class=\"brxe-container textcolumns-headline-text__inner\"><div id=\"brxe-a60a50\" class=\"brxe-block textcolumns-headline-text__column textcolumns-headline-text__column--image- textcolumns-headline-text__column--image-\"><div id=\"b-iksfdf_m4e28ich\" class=\"brxe-div\"><h3 id=\"brxe-ikxxnb\" class=\"brxe-heading textcolumns-headline-text__headline\"><mark style=\"background-color:rgba(0, 0, 0, 0)\" class=\"has-inline-color has-black-color\">FORDEC \u2013 Para hacer las cosas<\/mark><\/h3><div id=\"brxe-aoejqw\" class=\"brxe-text textcolumns-headline-text__text\"><p>La toma de decisiones en muchos procesos significa estancamiento, bloqueo o crisis. Las decisiones son necesarias para impulsar proyectos o procesos y llevarlos a t\u00e9rmino.<\/p>\n<p>Con el modelo FORDEC, Marcus Lindner aplica una herramienta de la aviaci\u00f3n que muestra estructuras y soluciones claras en situaciones cr\u00edticas.<\/p>\n<p>En definitiva, FORDEC es un concepto que funciona en la cabina, en las finanzas y all\u00ed donde haya que dominar con confianza situaciones complejas y dif\u00edciles.<\/p>\n<\/div><\/div><\/div><div id=\"b-3433db_m4e28ich\" class=\"brxe-block textcolumns-headline-text__column textcolumns-headline-text__column--right\"><div id=\"brxe-551b57\" class=\"brxe-text textcolumns-headline-text__text\"><p><\/p>\n<\/div><div id=\"brxe-sxgprw\" class=\"brxe-div textcolumns-headline-text__image_wrapper\"><img decoding=\"async\" src=\"https:\/\/marcuslindner.com\/wp-content\/uploads\/2024\/12\/fordec.svg\" class=\"brxe-image textcolumns-headline-text__image css-filter size-full\" alt=\"\" id=\"brxe-bakmeg\" \/><\/div><\/div><\/div><\/section>\n\n<section id=\"b-2c4e74_m4e0o1oy\" class=\"brxe-section section quote\"><div id=\"brxe-0fc160\" class=\"brxe-container quote__inner\"><svg class=\"brxe-svg quote__icon\" id=\"brxe-577c4f\" xmlns=\"http:\/\/www.w3.org\/2000\/svg\"  data-name=\"Ebene 2\" viewBox=\"0 0 57.89 45.33\"><defs><style> .cls-1 { fill: none; stroke: currentColor; stroke-miterlimit: 10; stroke-width: 2px; } <\/style><\/defs><g id=\"Ebene_2-2\" data-name=\"Ebene 2\"><g><circle class=\"cls-1\" cx=\"13\" cy=\"13\" r=\"12\"><\/circle><line class=\"cls-1\" x1=\"23.48\" y1=\"18.85\" x2=\"8.48\" y2=\"44.83\"><\/line><\/g><g><circle class=\"cls-1\" cx=\"44.89\" cy=\"13\" r=\"12\"><\/circle><line class=\"cls-1\" x1=\"55.37\" y1=\"18.85\" x2=\"40.37\" y2=\"44.83\"><\/line><\/g><\/g><\/svg><div id=\"brxe-d94e9f\" class=\"brxe-div quote__content quote__content--large-1 quote__content--large-1\"><div id=\"brxe-69abb6\" class=\"brxe-text text--center quote__text\"><p>Encontrar e iniciar un proyecto es f\u00e1cil; gestionarlo y llevarlo a buen t\u00e9rmino es el reto.<\/p>\n<\/div><div id=\"brxe-bc3630\" class=\"brxe-text text--center quote__caption\"><p><span>Marcus Lindner<\/span><\/p>\n<\/div><\/div><svg class=\"brxe-svg quote__icon\" id=\"brxe-038c79\" xmlns=\"http:\/\/www.w3.org\/2000\/svg\"  data-name=\"Ebene 2\" viewBox=\"0 0 57.89 45.33\"><defs><style> .cls-1 { fill: none; stroke: currentColor; stroke-miterlimit: 10; stroke-width: 2px; } <\/style><\/defs><g id=\"Ebene_2-2\" data-name=\"Ebene 2\"><g><g><circle class=\"cls-1\" cx=\"44.89\" cy=\"32.33\" r=\"12\"><\/circle><line class=\"cls-1\" x1=\"34.41\" y1=\"26.48\" x2=\"49.41\" y2=\".5\"><\/line><\/g><g><circle class=\"cls-1\" cx=\"13\" cy=\"32.33\" r=\"12\"><\/circle><line class=\"cls-1\" x1=\"2.52\" y1=\"26.48\" x2=\"17.52\" y2=\".5\"><\/line><\/g><\/g><\/g><\/svg><\/div><\/section>","protected":false},"excerpt":{"rendered":"","protected":false},"author":1,"featured_media":0,"parent":0,"menu_order":0,"comment_status":"closed","ping_status":"closed","template":"","meta":{"_acf_changed":false,"footnotes":""},"class_list":["post-1573","page","type-page","status-publish","hentry"],"acf":[],"_links":{"self":[{"href":"https:\/\/marcuslindner.com\/es\/wp-json\/wp\/v2\/pages\/1573","targetHints":{"allow":["GET"]}}],"collection":[{"href":"https:\/\/marcuslindner.com\/es\/wp-json\/wp\/v2\/pages"}],"about":[{"href":"https:\/\/marcuslindner.com\/es\/wp-json\/wp\/v2\/types\/page"}],"author":[{"embeddable":true,"href":"https:\/\/marcuslindner.com\/es\/wp-json\/wp\/v2\/users\/1"}],"replies":[{"embeddable":true,"href":"https:\/\/marcuslindner.com\/es\/wp-json\/wp\/v2\/comments?post=1573"}],"version-history":[{"count":1,"href":"https:\/\/marcuslindner.com\/es\/wp-json\/wp\/v2\/pages\/1573\/revisions"}],"predecessor-version":[{"id":1574,"href":"https:\/\/marcuslindner.com\/es\/wp-json\/wp\/v2\/pages\/1573\/revisions\/1574"}],"wp:attachment":[{"href":"https:\/\/marcuslindner.com\/es\/wp-json\/wp\/v2\/media?parent=1573"}],"curies":[{"name":"wp","href":"https:\/\/api.w.org\/{rel}","templated":true}]}}