{"id":1515,"date":"2024-08-02T14:24:16","date_gmt":"2024-08-02T12:24:16","guid":{"rendered":"https:\/\/marcuslindner.com\/?page_id=1515"},"modified":"2024-12-07T10:43:59","modified_gmt":"2024-12-07T09:43:59","slug":"marcus-lindner","status":"publish","type":"page","link":"https:\/\/marcuslindner.com\/es\/marcus-lindner\/","title":{"rendered":"Marcus Lindner"},"content":{"rendered":"<section id=\"b-eefxxx_m2hyx5ej\" class=\"brxe-section bml-intro-image\"><div id=\"brxe-xycnvf\" class=\"brxe-container bml-intro-image__inner\"><\/div><\/section>\n\n<section id=\"b-2c4e74_m2ijonm8\" class=\"brxe-section section quote\"><div id=\"brxe-0fc160\" class=\"brxe-container quote__inner\"><svg class=\"brxe-svg quote__icon\" id=\"brxe-577c4f\" xmlns=\"http:\/\/www.w3.org\/2000\/svg\"  data-name=\"Ebene 2\" viewBox=\"0 0 57.89 45.33\"><defs><style> .cls-1 { fill: none; stroke: currentColor; stroke-miterlimit: 10; stroke-width: 2px; } <\/style><\/defs><g id=\"Ebene_2-2\" data-name=\"Ebene 2\"><g><circle class=\"cls-1\" cx=\"13\" cy=\"13\" r=\"12\"><\/circle><line class=\"cls-1\" x1=\"23.48\" y1=\"18.85\" x2=\"8.48\" y2=\"44.83\"><\/line><\/g><g><circle class=\"cls-1\" cx=\"44.89\" cy=\"13\" r=\"12\"><\/circle><line class=\"cls-1\" x1=\"55.37\" y1=\"18.85\" x2=\"40.37\" y2=\"44.83\"><\/line><\/g><\/g><\/svg><div id=\"brxe-d94e9f\" class=\"brxe-div quote__content quote__content--large-1 quote__content--large-1\"><div id=\"brxe-69abb6\" class=\"brxe-text text--center quote__text\"><p><span>If you want to get something you never had, you have to do something you\u2019ve never done before.<\/span><\/p>\n<\/div><div id=\"brxe-bc3630\" class=\"brxe-text text--center quote__caption\"><p><span>Denzel Washington<\/span><\/p>\n<\/div><\/div><svg class=\"brxe-svg quote__icon\" id=\"brxe-038c79\" xmlns=\"http:\/\/www.w3.org\/2000\/svg\"  data-name=\"Ebene 2\" viewBox=\"0 0 57.89 45.33\"><defs><style> .cls-1 { fill: none; stroke: currentColor; stroke-miterlimit: 10; stroke-width: 2px; } <\/style><\/defs><g id=\"Ebene_2-2\" data-name=\"Ebene 2\"><g><g><circle class=\"cls-1\" cx=\"44.89\" cy=\"32.33\" r=\"12\"><\/circle><line class=\"cls-1\" x1=\"34.41\" y1=\"26.48\" x2=\"49.41\" y2=\".5\"><\/line><\/g><g><circle class=\"cls-1\" cx=\"13\" cy=\"32.33\" r=\"12\"><\/circle><line class=\"cls-1\" x1=\"2.52\" y1=\"26.48\" x2=\"17.52\" y2=\".5\"><\/line><\/g><\/g><\/g><\/svg><\/div><\/section>\n\n<section id=\"b-927876_m4dz2153\" class=\"brxe-section section text-columns\"><div id=\"brxe-5d193b\" class=\"brxe-container text-columns__inner\"><div id=\"brxe-42fefa\" class=\"brxe-block text-columns__column\"><div id=\"brxe-efc400\" class=\"brxe-text text-columns__text\"><ul><\/ul>\n<p>Como inversor y promotor inmobiliario, Marcus Lindner conoce bien los lugares especiales. Durante m\u00e1s de diez a\u00f1os se han creado lugares donde es estupendo vivir y trabajar: en el id\u00edlico sur de Alemania, en la bell\u00edsima y diversa isla de Mallorca o incluso en la prometedora Sud\u00e1frica.<\/p>\n<p>Siempre consciente de la visi\u00f3n de conjunto y de lo que hay que hacer para conseguirla, impulsa los proyectos con prudencia y seguridad. Con experiencia en el campo de la financiaci\u00f3n y muy bien relacionado con el sector inmobiliario internacional y los inversores.<\/p>\n<\/div><\/div><div id=\"brxe-62b7f5\" class=\"brxe-block text-columns__column\"><div id=\"brxe-f83a8e\" class=\"brxe-text text-columns__text\"><ul><\/ul>\n<p>Como piloto, Marcus Lindner est\u00e1 acostumbrado a apuntar y alcanzar destinos lejanos. De este modo, su precisi\u00f3n en el seguimiento le ayuda a controlar los procesos, mantener una visi\u00f3n de conjunto y manejar con \u00e9xito las situaciones de forma estructurada y tranquila.<\/p>\n<p>Gracias a su formaci\u00f3n como M\u00e1ster en Administraci\u00f3n de Empresas, tambi\u00e9n aporta un profundo conocimiento de los procesos empresariales y s\u00f3lidas capacidades de gesti\u00f3n. Con un bagaje de conocimientos m\u00faltiples y sus habilidades intersectoriales, abri\u00f3 otra sede en Mallorca en 2022 como socio director.<\/p>\n<\/div><\/div><\/div><\/section>\n\n<section id=\"b-zxkudt_m2ikx1jf\" class=\"brxe-section section divider\"><div id=\"brxe-nfhkar\" class=\"brxe-container divider__inner\"><div id=\"brxe-jelgfz\" class=\"brxe-divider divider__line horizontal\"><div class=\"line\"><\/div><\/div><\/div><\/section>\n\n<section id=\"b-d8e14e_m2hyypna\" class=\"brxe-section section textcolumns-headline-text textcolumns-headline-text--layout-66-33 textcolumns-headline-text--layout-66-33 textcolumns-headline-text--order-reverse- textcolumns-headline-text--order-reverse-\" style=\"--background-color: \"><div id=\"b-25253f_m2hyypna\" class=\"brxe-container textcolumns-headline-text__inner\"><\/div><div id=\"b-b0bddf_m2hyypna\" class=\"brxe-container textcolumns-headline-text__inner\"><div id=\"brxe-a60a50\" class=\"brxe-block textcolumns-headline-text__column textcolumns-headline-text__column--image- textcolumns-headline-text__column--image-\"><div id=\"b-iksfdf_m2hyypna\" class=\"brxe-div\"><h2 id=\"brxe-ikxxnb\" class=\"brxe-heading textcolumns-headline-text__headline\">Vita completa<\/h2><div id=\"brxe-aoejqw\" class=\"brxe-text textcolumns-headline-text__text\"><ul>\n<li>\n<div>Formaci\u00f3n de pilotos<\/div>\n<\/li>\n<li>\n<div>M\u00e1ster en Administraci\u00f3n de Empresas<\/div>\n<div>(Universidad del Danubio de Krems)<\/div>\n<\/li>\n<li>\n<div>Profesor y Consultor de Finanzas, Econom\u00eda y Liderazgo<\/div>\n<\/li>\n<li>\n<div>Inversor inmobiliario internacional, promotor de proyectos inmobiliarios, coach de inversiones<\/div>\n<\/li>\n<li>\n<div>Consultor de gesti\u00f3n<\/div>\n<\/li>\n<li>\n<div>Director General de BML Invest GmbH und Co. KG<\/div>\n<\/li>\n<\/ul>\n<p><\/p>\n<\/div><a id=\"b-vvvdfn_m2hyypna\" class=\"brxe-button btn--black textcolumns-headline-text__button bricks-button\" href=\"https:\/\/www.linkedin.com\/in\/marcus-l-0b281543\/\" target=\"_blank\"><span data-gbrx-id=\"gb-vvvdfn\" data-gbrx-subfield=\"text\" >al perfil de LinkedIn<\/span><\/a><\/div><\/div><div id=\"b-3433db_m2hyypna\" class=\"brxe-block textcolumns-headline-text__column textcolumns-headline-text__column--right\"><div id=\"brxe-551b57\" class=\"brxe-text textcolumns-headline-text__text\"><h3><\/h3>\n<p><\/p>\n<\/div><\/div><\/div><\/section>\n\n<section id=\"b-vewarp_m2hyy79y\" class=\"brxe-section bml-headline section\"><div id=\"brxe-kbdamn\" class=\"brxe-container bml-headline__inner\"><div id=\"brxe-azzmyz\" class=\"brxe-div bml-headline__container\"><h2 id=\"brxe-lobpdm\" class=\"brxe-heading bml-headline__headline\">Estar\u00e9 encantada de responder puntualmente a sus preguntas y sugerencias por correo electr\u00f3nico.<br><br><a href=\"mailto:hola@marcuslindner.com\">hola@marcuslindner.com<\/a><\/h2><\/div><\/div><\/section>\n\n<section id=\"b-zxkudt_m4dyy7ge\" class=\"brxe-section section divider\"><div id=\"brxe-nfhkar\" class=\"brxe-container divider__inner\"><div id=\"brxe-jelgfz\" class=\"brxe-divider divider__line horizontal\"><div class=\"line\"><\/div><\/div><\/div><\/section>\n\n<section id=\"b-d8e14e_m4dz06tz\" class=\"brxe-section section textcolumns-headline-text textcolumns-headline-text--layout-50-50 textcolumns-headline-text--layout-50-50 textcolumns-headline-text--order-reverse- textcolumns-headline-text--order-reverse-\" style=\"--background-color: \"><div id=\"b-25253f_m4dz06tz\" class=\"brxe-container textcolumns-headline-text__inner\"><div id=\"brxe-aa7111\" class=\"brxe-text textcolumns-headline-text__flagline\"><p><span>Compromiso<\/span><\/p>\n<\/div><\/div><div id=\"b-b0bddf_m4dz06tz\" class=\"brxe-container textcolumns-headline-text__inner\"><div id=\"brxe-a60a50\" class=\"brxe-block textcolumns-headline-text__column textcolumns-headline-text__column--image- textcolumns-headline-text__column--image-\"><div id=\"b-iksfdf_m4dz06tz\" class=\"brxe-div\"><h2 id=\"brxe-ikxxnb\" class=\"brxe-heading textcolumns-headline-text__headline\">Happy Feets &#8211; promover, apoyar, donar, ayudar<\/h2><div id=\"brxe-aoejqw\" class=\"brxe-text textcolumns-headline-text__text\"><p>Si quieres conseguir algo que nunca antes has conseguido, tienes que hacer algo que nunca antes has hecho. Creemos en ello y por eso tambi\u00e9n queremos abrir nuevos caminos en nuestro compromiso.<\/p>\n<p>Happy Feets es una organizaci\u00f3n sin \u00e1nimo de lucro a trav\u00e9s de la cual creamos estructuras que apoyan a las personas en su vida cotidiana o en su carrera profesional. Nuestros proyectos actuales incluyen una guarder\u00eda y una iniciativa educativa en Sud\u00e1frica y la Fundaci\u00f2 Monti Sion Solid\u00e0ria, una distribuci\u00f3n de alimentos para los necesitados en Palma de Mallorca.<\/p>\n<p>Nos alegramos de cada donaci\u00f3n que apoya nuestros proyectos.<\/p>\n<\/div><a id=\"b-vvvdfn_m4dz06tz\" class=\"brxe-button btn--black textcolumns-headline-text__button bricks-button\" href=\"https:\/\/happy-feets.com\/\" target=\"_blank\"><span data-gbrx-id=\"gb-vvvdfn\" data-gbrx-subfield=\"text\" >m\u00e1s sobre Happy Feets<\/span><\/a><\/div><\/div><div id=\"b-3433db_m4dz06tz\" class=\"brxe-block textcolumns-headline-text__column textcolumns-headline-text__column--right\"><div id=\"brxe-551b57\" class=\"brxe-text textcolumns-headline-text__text\"><h3><\/h3>\n<p><\/p>\n<\/div><div id=\"brxe-sxgprw\" class=\"brxe-div textcolumns-headline-text__image_wrapper\"><img decoding=\"async\" src=\"https:\/\/marcuslindner.com\/wp-content\/uploads\/2024\/12\/happy_feets-cropped.svg\" class=\"brxe-image textcolumns-headline-text__image css-filter size-full\" alt=\"\" id=\"brxe-bakmeg\" \/><\/div><\/div><\/div><\/section>","protected":false},"excerpt":{"rendered":"","protected":false},"author":1,"featured_media":0,"parent":0,"menu_order":0,"comment_status":"closed","ping_status":"closed","template":"","meta":{"_acf_changed":false,"footnotes":""},"class_list":["post-1515","page","type-page","status-publish","hentry"],"acf":[],"_links":{"self":[{"href":"https:\/\/marcuslindner.com\/es\/wp-json\/wp\/v2\/pages\/1515","targetHints":{"allow":["GET"]}}],"collection":[{"href":"https:\/\/marcuslindner.com\/es\/wp-json\/wp\/v2\/pages"}],"about":[{"href":"https:\/\/marcuslindner.com\/es\/wp-json\/wp\/v2\/types\/page"}],"author":[{"embeddable":true,"href":"https:\/\/marcuslindner.com\/es\/wp-json\/wp\/v2\/users\/1"}],"replies":[{"embeddable":true,"href":"https:\/\/marcuslindner.com\/es\/wp-json\/wp\/v2\/comments?post=1515"}],"version-history":[{"count":1,"href":"https:\/\/marcuslindner.com\/es\/wp-json\/wp\/v2\/pages\/1515\/revisions"}],"predecessor-version":[{"id":1516,"href":"https:\/\/marcuslindner.com\/es\/wp-json\/wp\/v2\/pages\/1515\/revisions\/1516"}],"wp:attachment":[{"href":"https:\/\/marcuslindner.com\/es\/wp-json\/wp\/v2\/media?parent=1515"}],"curies":[{"name":"wp","href":"https:\/\/api.w.org\/{rel}","templated":true}]}}