{"id":1480,"date":"2024-08-02T14:24:23","date_gmt":"2024-08-02T12:24:23","guid":{"rendered":"https:\/\/marcuslindner.com\/?page_id=1480"},"modified":"2024-12-07T10:02:15","modified_gmt":"2024-12-07T09:02:15","slug":"red","status":"publish","type":"page","link":"https:\/\/marcuslindner.com\/es\/red\/","title":{"rendered":"Red"},"content":{"rendered":"<section id=\"b-eefxxx_m2hykp8l\" class=\"brxe-section bml-intro-image\"><div id=\"brxe-xycnvf\" class=\"brxe-container bml-intro-image__inner\"><\/div><\/section>\n\n<section id=\"b-oclddb_m2hyltng\" class=\"brxe-section bml-headline section\"><div id=\"brxe-rilppi\" class=\"brxe-container bml-headline__inner bml-headline__inner--center\"><div id=\"b-npzuut_m2hyltng\" class=\"brxe-div bml-headline__container\"><h1 id=\"brxe-fckvzc\" class=\"brxe-heading text--center text--balance bml-headline__headline\">Una red s\u00f3lida se basa en la confianza, la fiabilidad y la continuidad, as\u00ed como en un objetivo com\u00fan.<\/h1><\/div><\/div><\/section>\n\n<section id=\"b-d8e14e_m2hym9vu\" class=\"brxe-section section textcolumns-headline-text textcolumns-headline-text--layout-50-50 textcolumns-headline-text--layout-50-50 textcolumns-headline-text--order-reverse- textcolumns-headline-text--order-reverse-\" style=\"--background-color: \"><div id=\"b-25253f_m2hym9vu\" class=\"brxe-container textcolumns-headline-text__inner\"><\/div><div id=\"b-b0bddf_m2hym9vu\" class=\"brxe-container textcolumns-headline-text__inner\"><div id=\"brxe-a60a50\" class=\"brxe-block textcolumns-headline-text__column textcolumns-headline-text__column--image-1 textcolumns-headline-text__column--image-1\"><div id=\"b-iksfdf_m2hym9vu\" class=\"brxe-div\"><h2 id=\"brxe-ikxxnb\" class=\"brxe-heading textcolumns-headline-text__headline\">Cada asociaci\u00f3n aporta su propia calidad a los proyectos conjuntos. Si se pueden poner en com\u00fan las distintas perspectivas y competencias, todos se benefician de la din\u00e1mica y la eficacia del proceso de trabajo conjunto.<\/h2><\/div><div id=\"brxe-nodatg\" class=\"brxe-div textcolumns-headline-text__image_wrapper\"><img decoding=\"async\" class=\"brxe-image textcolumns-headline-text__image\" id=\"brxe-zlzwyk\" src=\"https:\/\/marcuslindner.com\/wp-content\/uploads\/2024\/09\/image-4.svg\" alt><\/div><\/div><div id=\"b-3433db_m2hym9vu\" class=\"brxe-block textcolumns-headline-text__column textcolumns-headline-text__column--right\"><div id=\"brxe-551b57\" class=\"brxe-text textcolumns-headline-text__text\"><p><span>Y el camino que llevo recorriendo con \u00e9xito junto a mis socios desde hace m\u00e1s de 10 a\u00f1os es motivaci\u00f3n suficiente para seguir actuando en equipo y ofreciendo soluciones a nuestros clientes.<\/span><\/p>\n<h3><span>Conexiones potentes<\/span><br \/><\/h3>\n<p><span>Comparto con mis socios la aspiraci\u00f3n de lograr los mejores resultados posibles. \u00c1giles, r\u00e1pidos y extremadamente profesionales. Adoptamos nuevas ideas y modelos empresariales, pensamos globalmente y somos coherentes en nuestra aplicaci\u00f3n. Operamos en todo el mundo con una s\u00f3lida red, siendo Sud\u00e1frica, Mallorca y Alemania nuestras zonas principales.<\/span><\/p>\n<h3><span>Socio de confianza<\/span><br \/><\/h3>\n<p><span>Espero fiabilidad y precisi\u00f3n absolutas en nuestra cooperaci\u00f3n. Llevo muchos a\u00f1os estrechamente vinculado a mis socios y s\u00e9 que mis exigencias se viven aqu\u00ed de la misma manera. As\u00ed, mi red de expertos financieros, jur\u00eddicos e inmobiliarios se ha convertido en un importante apoyo para mi actividad diaria.<\/span><\/p>\n<\/div><\/div><\/div><\/section>\n\n<section id=\"b-zxkudt_m4dxu64s\" class=\"brxe-section section divider\"><div id=\"brxe-nfhkar\" class=\"brxe-container divider__inner\"><div id=\"brxe-jelgfz\" class=\"brxe-divider divider__line horizontal\"><div class=\"line\"><\/div><\/div><\/div><\/section>\n\n<section id=\"b-b6d52a_m4dxpvzb\" class=\"brxe-section section slider\"><div id=\"brxe-62666d\" class=\"brxe-container slider__inner\"><p id=\"brxe-b5855a\" class=\"brxe-text-basic slider__flagline\">Resultados de una estrecha cooperaci\u00f3n<\/p><div id=\"brxe-3f9c36\" data-script-id=\"3f9c36_m4dxpvzb\" class=\"brxe-slider-nested slider__slider__element splide brx-auto-height\" data-splide=\"{&quot;type&quot;:&quot;slide&quot;,&quot;direction&quot;:&quot;ltr&quot;,&quot;keyboard&quot;:&quot;global&quot;,&quot;height&quot;:&quot;auto&quot;,&quot;gap&quot;:&quot;0px&quot;,&quot;start&quot;:0,&quot;perPage&quot;:1,&quot;perMove&quot;:1,&quot;speed&quot;:400,&quot;interval&quot;:3000,&quot;autoHeight&quot;:true,&quot;autoplay&quot;:false,&quot;pauseOnHover&quot;:false,&quot;pauseOnFocus&quot;:false,&quot;arrows&quot;:false,&quot;pagination&quot;:true,&quot;mediaQuery&quot;:&quot;max&quot;,&quot;breakpoints&quot;:{&quot;1279&quot;:{&quot;type&quot;:&quot;slide&quot;,&quot;autoHeight&quot;:true,&quot;pagination&quot;:true}}}\"><div class=\"splide__track\"><div class=\"splide__list\"><div id=\"brxe-2cc2c2\" class=\"brxe-gb-inner-blocks slider__slides\">\n<div id=\"b-16b8ca_m4dxq47u\" class=\"brxe-block slide\"><img decoding=\"async\" class=\"brxe-image slide__image\" id=\"brxe-bde1b8\" src=\"https:\/\/marcuslindner.com\/wp-content\/uploads\/2024\/08\/Marcus_Lindner_Tres_Olivos_Slider_1.jpg\" alt><div id=\"b-wxmyjc_m4dxq47u\" class=\"brxe-div\"><div id=\"brxe-phvtvf\" class=\"brxe-text slide__text\"><h2><span>Tres Olivos Santanyi &#8211; una vida hermosa en el sureste de Mallorca<\/span><br \/><\/h2>\n<p><span>El pintoresco pueblo de Santanyi: aqu\u00ed se construir\u00e1n, de aqu\u00ed a 2024, tres espaciosas casas adosadas con una superficie habitable de 550 m\u00b2 o m\u00e1s, que combinar\u00e1n lujo y ambiente.<\/span><\/p>\n<\/div><a id=\"brxe-94164d\" class=\"brxe-button btn--black slide__button bricks-button bricks-background-primary\" href=\"https:\/\/www.tres-olivos-santanyi.com\/\" target=\"_blank\"><span data-gbrx-id=\"gb-94164d\" data-gbrx-subfield=\"text\" >m\u00e1s detalles<\/span><\/a><\/div><\/div>\n\n<div id=\"b-16b8ca_m4dxszn0\" class=\"brxe-block slide\"><img decoding=\"async\" class=\"brxe-image slide__image\" id=\"brxe-bde1b8\" src=\"https:\/\/marcuslindner.com\/wp-content\/uploads\/2024\/12\/Marcus_Lindner_Garmisch_Partenkirchen_Slider_2.jpg\" alt><div id=\"b-wxmyjc_m4dxszn0\" class=\"brxe-div\"><div id=\"brxe-phvtvf\" class=\"brxe-text slide__text\"><h2><span>Vivir y trabajar en Garmisch-Partenkirchen<\/span><br \/><\/h2>\n<p><span>Promoci\u00f3n inmobiliaria con mucho potencial y una hermosa vista a la monta\u00f1a: En un idilio b\u00e1varo se est\u00e1n construyendo cinco unidades residenciales con los mejores valores energ\u00e9ticos.<\/span><\/p>\n<\/div><\/div><\/div>\n<\/div><\/div><\/div><\/div><\/div><\/section>\n\n<section id=\"b-vewarp_m2hyoeot\" class=\"brxe-section bml-headline section\"><div id=\"brxe-kbdamn\" class=\"brxe-container bml-headline__inner\"><div id=\"brxe-azzmyz\" class=\"brxe-div bml-headline__container\"><h2 id=\"brxe-lobpdm\" class=\"brxe-heading bml-headline__headline\">Estar\u00e9 encantada de responder puntualmente a sus preguntas y sugerencias por correo electr\u00f3nico.<br><br><a href=\"mailto:hola@marcuslindner.com\">hola@marcuslindner.com<\/a><\/h2><\/div><\/div><\/section>","protected":false},"excerpt":{"rendered":"","protected":false},"author":1,"featured_media":0,"parent":0,"menu_order":0,"comment_status":"closed","ping_status":"closed","template":"","meta":{"_acf_changed":false,"footnotes":""},"class_list":["post-1480","page","type-page","status-publish","hentry"],"acf":[],"_links":{"self":[{"href":"https:\/\/marcuslindner.com\/es\/wp-json\/wp\/v2\/pages\/1480","targetHints":{"allow":["GET"]}}],"collection":[{"href":"https:\/\/marcuslindner.com\/es\/wp-json\/wp\/v2\/pages"}],"about":[{"href":"https:\/\/marcuslindner.com\/es\/wp-json\/wp\/v2\/types\/page"}],"author":[{"embeddable":true,"href":"https:\/\/marcuslindner.com\/es\/wp-json\/wp\/v2\/users\/1"}],"replies":[{"embeddable":true,"href":"https:\/\/marcuslindner.com\/es\/wp-json\/wp\/v2\/comments?post=1480"}],"version-history":[{"count":2,"href":"https:\/\/marcuslindner.com\/es\/wp-json\/wp\/v2\/pages\/1480\/revisions"}],"predecessor-version":[{"id":1607,"href":"https:\/\/marcuslindner.com\/es\/wp-json\/wp\/v2\/pages\/1480\/revisions\/1607"}],"wp:attachment":[{"href":"https:\/\/marcuslindner.com\/es\/wp-json\/wp\/v2\/media?parent=1480"}],"curies":[{"name":"wp","href":"https:\/\/api.w.org\/{rel}","templated":true}]}}